{"id":2929,"date":"2025-07-29T18:20:23","date_gmt":"2025-07-29T21:20:23","guid":{"rendered":"https:\/\/mialimentos.com.ar\/?page_id=2929"},"modified":"2025-07-29T18:33:18","modified_gmt":"2025-07-29T21:33:18","slug":"rrhh-y-cultura-org","status":"publish","type":"page","link":"https:\/\/mialimentos.com.ar\/index.php\/rrhh-y-cultura-org\/","title":{"rendered":"RRHH y Cultura Org."},"content":{"rendered":"\t\t<div data-elementor-type=\"wp-page\" data-elementor-id=\"2929\" class=\"elementor elementor-2929\">\n\t\t\t\t<div class=\"elementor-element elementor-element-20800ab e-con-full e-flex wpr-particle-no wpr-jarallax-no wpr-parallax-no wpr-sticky-section-no e-con e-parent\" data-id=\"20800ab\" data-element_type=\"container\" data-settings=\"{&quot;background_background&quot;:&quot;classic&quot;}\">\n\t\t<div class=\"elementor-element elementor-element-4a711bc e-flex e-con-boxed wpr-particle-no wpr-jarallax-no wpr-parallax-no wpr-sticky-section-no e-con e-child\" data-id=\"4a711bc\" data-element_type=\"container\">\n\t\t\t\t\t<div class=\"e-con-inner\">\n\t\t<div class=\"elementor-element elementor-element-bab3478 e-con-full e-flex wpr-particle-no wpr-jarallax-no wpr-parallax-no wpr-sticky-section-no e-con e-child\" data-id=\"bab3478\" data-element_type=\"container\">\n\t\t\t\t<div class=\"elementor-element elementor-element-67665e8 elementor-widget elementor-widget-text-editor\" data-id=\"67665e8\" data-element_type=\"widget\" data-widget_type=\"text-editor.default\">\n\t\t\t\t<div class=\"elementor-widget-container\">\n\t\t\t\t\t\t\t\t\t<p><span style=\"font-weight: 600;\"> NUESTROS SERVICIOS <\/span><\/p>\t\t\t\t\t\t\t\t<\/div>\n\t\t\t\t<\/div>\n\t\t\t\t<div class=\"elementor-element elementor-element-381cfc3 elementor-widget elementor-widget-heading\" data-id=\"381cfc3\" data-element_type=\"widget\" data-widget_type=\"heading.default\">\n\t\t\t\t<div class=\"elementor-widget-container\">\n\t\t\t\t\t<h2 class=\"elementor-heading-title elementor-size-default\">Gesti\u00f3n de personas <br> y cultura organizacional<\/h2>\t\t\t\t<\/div>\n\t\t\t\t<\/div>\n\t\t\t\t<div class=\"elementor-element elementor-element-bb7bf0b elementor-widget elementor-widget-text-editor\" data-id=\"bb7bf0b\" data-element_type=\"widget\" data-widget_type=\"text-editor.default\">\n\t\t\t\t<div class=\"elementor-widget-container\">\n\t\t\t\t\t\t\t\t\t<p><span style=\"font-weight: 400; color: #fff;\">Seleccionamos, formamos y acompa\u00f1amos a los equipos que sostienen tu crecimiento<br \/><\/span><\/p><p>\u00a0<\/p>\t\t\t\t\t\t\t\t<\/div>\n\t\t\t\t<\/div>\n\t\t\t\t<\/div>\n\t\t\t\t\t<\/div>\n\t\t\t\t<\/div>\n\t\t\t\t<\/div>\n\t\t<div class=\"elementor-element elementor-element-35c0f68 e-con-full e-flex wpr-particle-no wpr-jarallax-no wpr-parallax-no wpr-sticky-section-no e-con e-parent\" data-id=\"35c0f68\" data-element_type=\"container\">\n\t\t<div class=\"elementor-element elementor-element-86cb5f5 e-con-full e-flex wpr-particle-no wpr-jarallax-no wpr-parallax-no wpr-sticky-section-no e-con e-child\" data-id=\"86cb5f5\" data-element_type=\"container\" data-settings=\"{&quot;background_background&quot;:&quot;classic&quot;,&quot;animation&quot;:&quot;none&quot;}\">\n\t\t<div class=\"elementor-element elementor-element-6749c3c e-flex e-con-boxed wpr-particle-no wpr-jarallax-no wpr-parallax-no wpr-sticky-section-no e-con e-child\" data-id=\"6749c3c\" data-element_type=\"container\">\n\t\t\t\t\t<div class=\"e-con-inner\">\n\t\t<div class=\"elementor-element elementor-element-e4eb480 e-con-full e-flex wpr-particle-no wpr-jarallax-no wpr-parallax-no wpr-sticky-section-no e-con e-child\" data-id=\"e4eb480\" data-element_type=\"container\">\n\t\t\t\t<div class=\"elementor-element elementor-element-993c368 elementor-widget elementor-widget-heading\" data-id=\"993c368\" data-element_type=\"widget\" data-widget_type=\"heading.default\">\n\t\t\t\t<div class=\"elementor-widget-container\">\n\t\t\t\t\t<h2 class=\"elementor-heading-title elementor-size-default\">RECURSOS HUMANOS<\/h2>\t\t\t\t<\/div>\n\t\t\t\t<\/div>\n\t\t\t\t<div class=\"elementor-element elementor-element-e205f23 elementor-widget elementor-widget-text-editor\" data-id=\"e205f23\" data-element_type=\"widget\" data-widget_type=\"text-editor.default\">\n\t\t\t\t<div class=\"elementor-widget-container\">\n\t\t\t\t\t\t\t\t\t<p><span style=\"font-weight: 400;\">Aportamos soluciones efectivas para la gesti\u00f3n del talento, desde la definici\u00f3n de perfiles hasta la incorporaci\u00f3n de los mejores candidatos, adapt\u00e1ndonos a las necesidades espec\u00edficas de cada empresa.<\/span><\/p>\t\t\t\t\t\t\t\t<\/div>\n\t\t\t\t<\/div>\n\t\t\t\t<div class=\"elementor-element elementor-element-371e479 elementor-icon-list--layout-traditional elementor-list-item-link-full_width elementor-widget elementor-widget-icon-list\" data-id=\"371e479\" data-element_type=\"widget\" data-widget_type=\"icon-list.default\">\n\t\t\t\t<div class=\"elementor-widget-container\">\n\t\t\t\t\t\t\t<ul class=\"elementor-icon-list-items\">\n\t\t\t\t\t\t\t<li class=\"elementor-icon-list-item\">\n\t\t\t\t\t\t\t\t\t\t\t<span class=\"elementor-icon-list-icon\">\n\t\t\t\t\t\t\t<svg aria-hidden=\"true\" class=\"e-font-icon-svg e-fas-check\" viewBox=\"0 0 512 512\" xmlns=\"http:\/\/www.w3.org\/2000\/svg\"><path d=\"M173.898 439.404l-166.4-166.4c-9.997-9.997-9.997-26.206 0-36.204l36.203-36.204c9.997-9.998 26.207-9.998 36.204 0L192 312.69 432.095 72.596c9.997-9.997 26.207-9.997 36.204 0l36.203 36.204c9.997 9.997 9.997 26.206 0 36.204l-294.4 294.401c-9.998 9.997-26.207 9.997-36.204-.001z\"><\/path><\/svg>\t\t\t\t\t\t<\/span>\n\t\t\t\t\t\t\t\t\t\t<span class=\"elementor-icon-list-text\"><strong> An\u00e1lisis y definici\u00f3n de perfiles de puesto <\/strong> Dise\u00f1amos perfiles claros y detallados que facilitan la selecci\u00f3n y el desempe\u00f1o \u00f3ptimo de cada posici\u00f3n.<\/span>\n\t\t\t\t\t\t\t\t\t<\/li>\n\t\t\t\t\t\t\t\t<li class=\"elementor-icon-list-item\">\n\t\t\t\t\t\t\t\t\t\t\t<span class=\"elementor-icon-list-icon\">\n\t\t\t\t\t\t\t<svg aria-hidden=\"true\" class=\"e-font-icon-svg e-fas-check\" viewBox=\"0 0 512 512\" xmlns=\"http:\/\/www.w3.org\/2000\/svg\"><path d=\"M173.898 439.404l-166.4-166.4c-9.997-9.997-9.997-26.206 0-36.204l36.203-36.204c9.997-9.998 26.207-9.998 36.204 0L192 312.69 432.095 72.596c9.997-9.997 26.207-9.997 36.204 0l36.203 36.204c9.997 9.997 9.997 26.206 0 36.204l-294.4 294.401c-9.998 9.997-26.207 9.997-36.204-.001z\"><\/path><\/svg>\t\t\t\t\t\t<\/span>\n\t\t\t\t\t\t\t\t\t\t<span class=\"elementor-icon-list-text\"><strong> Hunting de perfiles cr\u00edticos y espec\u00edficos <\/strong>  Realizamos b\u00fasqueda activa y especializada para cubrir cargos estrat\u00e9gicos o de alta complejidad.<\/span>\n\t\t\t\t\t\t\t\t\t<\/li>\n\t\t\t\t\t\t\t\t<li class=\"elementor-icon-list-item\">\n\t\t\t\t\t\t\t\t\t\t\t<span class=\"elementor-icon-list-icon\">\n\t\t\t\t\t\t\t<svg aria-hidden=\"true\" class=\"e-font-icon-svg e-fas-check\" viewBox=\"0 0 512 512\" xmlns=\"http:\/\/www.w3.org\/2000\/svg\"><path d=\"M173.898 439.404l-166.4-166.4c-9.997-9.997-9.997-26.206 0-36.204l36.203-36.204c9.997-9.998 26.207-9.998 36.204 0L192 312.69 432.095 72.596c9.997-9.997 26.207-9.997 36.204 0l36.203 36.204c9.997 9.997 9.997 26.206 0 36.204l-294.4 294.401c-9.998 9.997-26.207 9.997-36.204-.001z\"><\/path><\/svg>\t\t\t\t\t\t<\/span>\n\t\t\t\t\t\t\t\t\t\t<span class=\"elementor-icon-list-text\"><strong> B\u00fasquedas para posiciones generales y operativas <\/strong>  Gestionamos procesos de selecci\u00f3n para puestos amplios y operativos, garantizando rapidez y calidad en la incorporaci\u00f3n.<\/span>\n\t\t\t\t\t\t\t\t\t<\/li>\n\t\t\t\t\t\t\t\t<li class=\"elementor-icon-list-item\">\n\t\t\t\t\t\t\t\t\t\t\t<span class=\"elementor-icon-list-icon\">\n\t\t\t\t\t\t\t<svg aria-hidden=\"true\" class=\"e-font-icon-svg e-fas-check\" viewBox=\"0 0 512 512\" xmlns=\"http:\/\/www.w3.org\/2000\/svg\"><path d=\"M173.898 439.404l-166.4-166.4c-9.997-9.997-9.997-26.206 0-36.204l36.203-36.204c9.997-9.998 26.207-9.998 36.204 0L192 312.69 432.095 72.596c9.997-9.997 26.207-9.997 36.204 0l36.203 36.204c9.997 9.997 9.997 26.206 0 36.204l-294.4 294.401c-9.998 9.997-26.207 9.997-36.204-.001z\"><\/path><\/svg>\t\t\t\t\t\t<\/span>\n\t\t\t\t\t\t\t\t\t\t<span class=\"elementor-icon-list-text\"><strong> Programas de pasant\u00edas <\/strong>  Dise\u00f1amos y coordinamos programas de pasant\u00edas para captar talento joven y fomentar su desarrollo dentro de la organizaci\u00f3n.<\/span>\n\t\t\t\t\t\t\t\t\t<\/li>\n\t\t\t\t\t\t<\/ul>\n\t\t\t\t\t\t<\/div>\n\t\t\t\t<\/div>\n\t\t\t\t<div class=\"elementor-element elementor-element-8f989dd elementor-widget elementor-widget-button\" data-id=\"8f989dd\" data-element_type=\"widget\" data-widget_type=\"button.default\">\n\t\t\t\t<div class=\"elementor-widget-container\">\n\t\t\t\t\t\t\t\t\t<div class=\"elementor-button-wrapper\">\n\t\t\t\t\t<a class=\"elementor-button elementor-button-link elementor-size-sm\" href=\"http:\/\/wa.me\/+5491127828099\" target=\"_blank\">\n\t\t\t\t\t\t<span class=\"elementor-button-content-wrapper\">\n\t\t\t\t\t\t<span class=\"elementor-button-icon\">\n\t\t\t\t<i aria-hidden=\"true\" class=\"icon icon-right-arrow\"><\/i>\t\t\t<\/span>\n\t\t\t\t\t\t\t\t\t<span class=\"elementor-button-text\">Contacta un Asesor<\/span>\n\t\t\t\t\t<\/span>\n\t\t\t\t\t<\/a>\n\t\t\t\t<\/div>\n\t\t\t\t\t\t\t\t<\/div>\n\t\t\t\t<\/div>\n\t\t\t\t<\/div>\n\t\t\t\t\t<\/div>\n\t\t\t\t<\/div>\n\t\t\t\t<\/div>\n\t\t\t\t<\/div>\n\t\t\t\t<\/div>\n\t\t","protected":false},"excerpt":{"rendered":"<p>NUESTROS SERVICIOS Gesti\u00f3n de personas y cultura organizacional Seleccionamos, formamos y acompa\u00f1amos a los equipos que sostienen tu crecimiento \u00a0 RECURSOS HUMANOS Aportamos soluciones efectivas para la gesti\u00f3n del talento, desde la definici\u00f3n de perfiles hasta la incorporaci\u00f3n de los mejores candidatos, adapt\u00e1ndonos a las necesidades espec\u00edficas de cada empresa. An\u00e1lisis y definici\u00f3n de perfiles de puesto Dise\u00f1amos perfiles claros y detallados que facilitan la selecci\u00f3n y el desempe\u00f1o \u00f3ptimo de cada posici\u00f3n. Hunting de perfiles cr\u00edticos y espec\u00edficos Realizamos b\u00fasqueda activa y especializada para cubrir cargos estrat\u00e9gicos o de alta complejidad. B\u00fasquedas para posiciones generales y operativas Gestionamos procesos de selecci\u00f3n para puestos amplios y operativos, garantizando rapidez y calidad en la incorporaci\u00f3n. Programas de pasant\u00edas Dise\u00f1amos y coordinamos programas de pasant\u00edas para captar talento joven y fomentar su desarrollo dentro de la organizaci\u00f3n. Contacta un Asesor<\/p>\n","protected":false},"author":1,"featured_media":0,"parent":0,"menu_order":0,"comment_status":"closed","ping_status":"closed","template":"elementor_header_footer","meta":{"footnotes":""},"class_list":["post-2929","page","type-page","status-publish","hentry"],"yoast_head":"<!-- This site is optimized with the Yoast SEO plugin v25.6 - https:\/\/yoast.com\/wordpress\/plugins\/seo\/ -->\n<title>RRHH y Cultura Org. - Mi Alimentos<\/title>\n<meta name=\"robots\" content=\"index, follow, max-snippet:-1, max-image-preview:large, max-video-preview:-1\" \/>\n<link rel=\"canonical\" href=\"https:\/\/mialimentos.com.ar\/index.php\/rrhh-y-cultura-org\/\" \/>\n<meta property=\"og:locale\" content=\"es_ES\" \/>\n<meta property=\"og:type\" content=\"article\" \/>\n<meta property=\"og:title\" content=\"RRHH y Cultura Org. - Mi Alimentos\" \/>\n<meta property=\"og:description\" content=\"NUESTROS SERVICIOS Gesti\u00f3n de personas y cultura organizacional Seleccionamos, formamos y acompa\u00f1amos a los equipos que sostienen tu crecimiento \u00a0 RECURSOS HUMANOS Aportamos soluciones efectivas para la gesti\u00f3n del talento, desde la definici\u00f3n de perfiles hasta la incorporaci\u00f3n de los mejores candidatos, adapt\u00e1ndonos a las necesidades espec\u00edficas de cada empresa. An\u00e1lisis y definici\u00f3n de perfiles de puesto Dise\u00f1amos perfiles claros y detallados que facilitan la selecci\u00f3n y el desempe\u00f1o \u00f3ptimo de cada posici\u00f3n. Hunting de perfiles cr\u00edticos y espec\u00edficos Realizamos b\u00fasqueda activa y especializada para cubrir cargos estrat\u00e9gicos o de alta complejidad. B\u00fasquedas para posiciones generales y operativas Gestionamos procesos de selecci\u00f3n para puestos amplios y operativos, garantizando rapidez y calidad en la incorporaci\u00f3n. Programas de pasant\u00edas Dise\u00f1amos y coordinamos programas de pasant\u00edas para captar talento joven y fomentar su desarrollo dentro de la organizaci\u00f3n. Contacta un Asesor\" \/>\n<meta property=\"og:url\" content=\"https:\/\/mialimentos.com.ar\/index.php\/rrhh-y-cultura-org\/\" \/>\n<meta property=\"og:site_name\" content=\"Mi Alimentos\" \/>\n<meta property=\"article:modified_time\" content=\"2025-07-29T21:33:18+00:00\" \/>\n<meta name=\"twitter:card\" content=\"summary_large_image\" \/>\n<meta name=\"twitter:label1\" content=\"Tiempo de lectura\" \/>\n\t<meta name=\"twitter:data1\" content=\"1 minuto\" \/>\n<script type=\"application\/ld+json\" class=\"yoast-schema-graph\">{\"@context\":\"https:\/\/schema.org\",\"@graph\":[{\"@type\":\"WebPage\",\"@id\":\"https:\/\/mialimentos.com.ar\/index.php\/rrhh-y-cultura-org\/\",\"url\":\"https:\/\/mialimentos.com.ar\/index.php\/rrhh-y-cultura-org\/\",\"name\":\"RRHH y Cultura Org. - Mi Alimentos\",\"isPartOf\":{\"@id\":\"https:\/\/mialimentos.com.ar\/#website\"},\"datePublished\":\"2025-07-29T21:20:23+00:00\",\"dateModified\":\"2025-07-29T21:33:18+00:00\",\"breadcrumb\":{\"@id\":\"https:\/\/mialimentos.com.ar\/index.php\/rrhh-y-cultura-org\/#breadcrumb\"},\"inLanguage\":\"es-AR\",\"potentialAction\":[{\"@type\":\"ReadAction\",\"target\":[\"https:\/\/mialimentos.com.ar\/index.php\/rrhh-y-cultura-org\/\"]}]},{\"@type\":\"BreadcrumbList\",\"@id\":\"https:\/\/mialimentos.com.ar\/index.php\/rrhh-y-cultura-org\/#breadcrumb\",\"itemListElement\":[{\"@type\":\"ListItem\",\"position\":1,\"name\":\"Inicio\",\"item\":\"https:\/\/mialimentos.com.ar\/\"},{\"@type\":\"ListItem\",\"position\":2,\"name\":\"RRHH y Cultura Org.\"}]},{\"@type\":\"WebSite\",\"@id\":\"https:\/\/mialimentos.com.ar\/#website\",\"url\":\"https:\/\/mialimentos.com.ar\/\",\"name\":\"Mi Alimentos\",\"description\":\"Consultora Multidisciplinaria e Integral en Alimentos\",\"publisher\":{\"@id\":\"https:\/\/mialimentos.com.ar\/#organization\"},\"potentialAction\":[{\"@type\":\"SearchAction\",\"target\":{\"@type\":\"EntryPoint\",\"urlTemplate\":\"https:\/\/mialimentos.com.ar\/?s={search_term_string}\"},\"query-input\":{\"@type\":\"PropertyValueSpecification\",\"valueRequired\":true,\"valueName\":\"search_term_string\"}}],\"inLanguage\":\"es-AR\"},{\"@type\":\"Organization\",\"@id\":\"https:\/\/mialimentos.com.ar\/#organization\",\"name\":\"Mi Alimentos\",\"url\":\"https:\/\/mialimentos.com.ar\/\",\"logo\":{\"@type\":\"ImageObject\",\"inLanguage\":\"es-AR\",\"@id\":\"https:\/\/mialimentos.com.ar\/#\/schema\/logo\/image\/\",\"url\":\"https:\/\/mialimentos.com.ar\/wp-content\/uploads\/2025\/07\/Logo-Mi-Alimentos.svg\",\"contentUrl\":\"https:\/\/mialimentos.com.ar\/wp-content\/uploads\/2025\/07\/Logo-Mi-Alimentos.svg\",\"width\":544,\"height\":115,\"caption\":\"Mi Alimentos\"},\"image\":{\"@id\":\"https:\/\/mialimentos.com.ar\/#\/schema\/logo\/image\/\"}}]}<\/script>\n<!-- \/ Yoast SEO plugin. -->","yoast_head_json":{"title":"RRHH y Cultura Org. - Mi Alimentos","robots":{"index":"index","follow":"follow","max-snippet":"max-snippet:-1","max-image-preview":"max-image-preview:large","max-video-preview":"max-video-preview:-1"},"canonical":"https:\/\/mialimentos.com.ar\/index.php\/rrhh-y-cultura-org\/","og_locale":"es_ES","og_type":"article","og_title":"RRHH y Cultura Org. - Mi Alimentos","og_description":"NUESTROS SERVICIOS Gesti\u00f3n de personas y cultura organizacional Seleccionamos, formamos y acompa\u00f1amos a los equipos que sostienen tu crecimiento \u00a0 RECURSOS HUMANOS Aportamos soluciones efectivas para la gesti\u00f3n del talento, desde la definici\u00f3n de perfiles hasta la incorporaci\u00f3n de los mejores candidatos, adapt\u00e1ndonos a las necesidades espec\u00edficas de cada empresa. An\u00e1lisis y definici\u00f3n de perfiles de puesto Dise\u00f1amos perfiles claros y detallados que facilitan la selecci\u00f3n y el desempe\u00f1o \u00f3ptimo de cada posici\u00f3n. Hunting de perfiles cr\u00edticos y espec\u00edficos Realizamos b\u00fasqueda activa y especializada para cubrir cargos estrat\u00e9gicos o de alta complejidad. B\u00fasquedas para posiciones generales y operativas Gestionamos procesos de selecci\u00f3n para puestos amplios y operativos, garantizando rapidez y calidad en la incorporaci\u00f3n. Programas de pasant\u00edas Dise\u00f1amos y coordinamos programas de pasant\u00edas para captar talento joven y fomentar su desarrollo dentro de la organizaci\u00f3n. Contacta un Asesor","og_url":"https:\/\/mialimentos.com.ar\/index.php\/rrhh-y-cultura-org\/","og_site_name":"Mi Alimentos","article_modified_time":"2025-07-29T21:33:18+00:00","twitter_card":"summary_large_image","twitter_misc":{"Tiempo de lectura":"1 minuto"},"schema":{"@context":"https:\/\/schema.org","@graph":[{"@type":"WebPage","@id":"https:\/\/mialimentos.com.ar\/index.php\/rrhh-y-cultura-org\/","url":"https:\/\/mialimentos.com.ar\/index.php\/rrhh-y-cultura-org\/","name":"RRHH y Cultura Org. - Mi Alimentos","isPartOf":{"@id":"https:\/\/mialimentos.com.ar\/#website"},"datePublished":"2025-07-29T21:20:23+00:00","dateModified":"2025-07-29T21:33:18+00:00","breadcrumb":{"@id":"https:\/\/mialimentos.com.ar\/index.php\/rrhh-y-cultura-org\/#breadcrumb"},"inLanguage":"es-AR","potentialAction":[{"@type":"ReadAction","target":["https:\/\/mialimentos.com.ar\/index.php\/rrhh-y-cultura-org\/"]}]},{"@type":"BreadcrumbList","@id":"https:\/\/mialimentos.com.ar\/index.php\/rrhh-y-cultura-org\/#breadcrumb","itemListElement":[{"@type":"ListItem","position":1,"name":"Inicio","item":"https:\/\/mialimentos.com.ar\/"},{"@type":"ListItem","position":2,"name":"RRHH y Cultura Org."}]},{"@type":"WebSite","@id":"https:\/\/mialimentos.com.ar\/#website","url":"https:\/\/mialimentos.com.ar\/","name":"Mi Alimentos","description":"Consultora Multidisciplinaria e Integral en Alimentos","publisher":{"@id":"https:\/\/mialimentos.com.ar\/#organization"},"potentialAction":[{"@type":"SearchAction","target":{"@type":"EntryPoint","urlTemplate":"https:\/\/mialimentos.com.ar\/?s={search_term_string}"},"query-input":{"@type":"PropertyValueSpecification","valueRequired":true,"valueName":"search_term_string"}}],"inLanguage":"es-AR"},{"@type":"Organization","@id":"https:\/\/mialimentos.com.ar\/#organization","name":"Mi Alimentos","url":"https:\/\/mialimentos.com.ar\/","logo":{"@type":"ImageObject","inLanguage":"es-AR","@id":"https:\/\/mialimentos.com.ar\/#\/schema\/logo\/image\/","url":"https:\/\/mialimentos.com.ar\/wp-content\/uploads\/2025\/07\/Logo-Mi-Alimentos.svg","contentUrl":"https:\/\/mialimentos.com.ar\/wp-content\/uploads\/2025\/07\/Logo-Mi-Alimentos.svg","width":544,"height":115,"caption":"Mi Alimentos"},"image":{"@id":"https:\/\/mialimentos.com.ar\/#\/schema\/logo\/image\/"}}]}},"_links":{"self":[{"href":"https:\/\/mialimentos.com.ar\/index.php\/wp-json\/wp\/v2\/pages\/2929","targetHints":{"allow":["GET"]}}],"collection":[{"href":"https:\/\/mialimentos.com.ar\/index.php\/wp-json\/wp\/v2\/pages"}],"about":[{"href":"https:\/\/mialimentos.com.ar\/index.php\/wp-json\/wp\/v2\/types\/page"}],"author":[{"embeddable":true,"href":"https:\/\/mialimentos.com.ar\/index.php\/wp-json\/wp\/v2\/users\/1"}],"replies":[{"embeddable":true,"href":"https:\/\/mialimentos.com.ar\/index.php\/wp-json\/wp\/v2\/comments?post=2929"}],"version-history":[{"count":10,"href":"https:\/\/mialimentos.com.ar\/index.php\/wp-json\/wp\/v2\/pages\/2929\/revisions"}],"predecessor-version":[{"id":2953,"href":"https:\/\/mialimentos.com.ar\/index.php\/wp-json\/wp\/v2\/pages\/2929\/revisions\/2953"}],"wp:attachment":[{"href":"https:\/\/mialimentos.com.ar\/index.php\/wp-json\/wp\/v2\/media?parent=2929"}],"curies":[{"name":"wp","href":"https:\/\/api.w.org\/{rel}","templated":true}]}}